{"id":98,"date":"2021-05-20T21:38:59","date_gmt":"2021-05-20T21:38:59","guid":{"rendered":"https:\/\/mary.pixel-bot.com\/?page_id=98"},"modified":"2021-07-20T03:19:51","modified_gmt":"2021-07-20T03:19:51","slug":"mixologia","status":"publish","type":"page","link":"https:\/\/mobar.mx\/en\/mixologia\/","title":{"rendered":"Mixolog\u00eda"},"content":{"rendered":"<p>[et_pb_section fb_built=&#8221;1&#8243; _builder_version=&#8221;4.9.4&#8243; _module_preset=&#8221;default&#8221; custom_padding=&#8221;80px||80px||true|false&#8221; locked=&#8221;off&#8221;][et_pb_row column_structure=&#8221;1_2,1_2&#8243; _builder_version=&#8221;4.9.4&#8243; _module_preset=&#8221;default&#8221;][et_pb_column type=&#8221;1_2&#8243; _builder_version=&#8221;4.9.0&#8243; _module_preset=&#8221;default&#8221;][et_pb_image src=&#8221;https:\/\/mobar.mx\/wp-content\/uploads\/2021\/06\/coctel-mobar-queretaro.png&#8221; title_text=&#8221;coctel-mobar-queretaro&#8221; align=&#8221;center&#8221; force_fullwidth=&#8221;on&#8221; _builder_version=&#8221;4.9.7&#8243; _module_preset=&#8221;default&#8221;][\/et_pb_image][\/et_pb_column][et_pb_column type=&#8221;1_2&#8243; _builder_version=&#8221;4.9.0&#8243; _module_preset=&#8221;default&#8221;][et_pb_text _builder_version=&#8221;4.9.9&#8243; _module_preset=&#8221;default&#8221; header_2_font=&#8221;|700|||||||&#8221; header_2_text_color=&#8221;#000000&#8243; header_2_font_size=&#8221;64px&#8221; width=&#8221;100%&#8221; max_width=&#8221;500px&#8221; custom_margin=&#8221;72px|||-138px|false|false&#8221; custom_margin_tablet=&#8221;20px|||0px|false|false&#8221; custom_margin_phone=&#8221;||||false|false&#8221; custom_margin_last_edited=&#8221;on|phone&#8221; hover_enabled=&#8221;0&#8243; header_2_font_size_tablet=&#8221;&#8221; header_2_font_size_phone=&#8221;48px&#8221; header_2_font_size_last_edited=&#8221;on|phone&#8221; sticky_enabled=&#8221;0&#8243;]<\/p>\n<h2>Aprende con MOBAR<\/h2>\n<p>[\/et_pb_text][et_pb_divider color=&#8221;#CCCCCC&#8221; divider_weight=&#8221;4px&#8221; _builder_version=&#8221;4.9.4&#8243; _module_preset=&#8221;default&#8221;][\/et_pb_divider][et_pb_text _builder_version=&#8221;4.9.4&#8243; _module_preset=&#8221;default&#8221; header_3_font=&#8221;|700|||||||&#8221; header_3_text_color=&#8221;#333333&#8243; custom_margin=&#8221;||12px|||&#8221;]<\/p>\n<h3>Precios determinados por clase o curso completo<\/h3>\n<p>[\/et_pb_text][et_pb_text _builder_version=&#8221;4.9.7&#8243; _module_preset=&#8221;default&#8221; text_text_color=&#8221;#4D4D4D&#8221; text_font_size=&#8221;16px&#8221; link_font=&#8221;||||on||||&#8221; link_text_color=&#8221;#4D4D4D&#8221;]<\/p>\n<p>Elige el paquete que m\u00e1s te acomode.<\/p>\n<p>Ofrecemos paquetes por acceso a clase (no incluye insumos), paquetes individuales, y paquetes por pareja; ambas opciones con los insumos y su env\u00edo a domicilio incluido.<\/p>\n<p>Los temarios de cada clase est\u00e1n especialmente dise\u00f1ados para que aprendas sobre la teor\u00eda y la pr\u00e1ctica de la mixolog\u00eda.<\/p>\n<p><a href=\"https:\/\/mobar.mx\/wp-content\/uploads\/2021\/05\/TEMARIO-MOBAR-CURSO-1.pdf\" rel=\"attachment wp-att-335\">Ver folleto<\/a><\/p>\n<p>[\/et_pb_text][et_pb_button button_url=&#8221;https:\/\/www.youtube.com\/watch?v=lUosIikLbkk&#8221; button_text=&#8221;Ver Detalles&#8221; _builder_version=&#8221;4.9.4&#8243; _module_preset=&#8221;default&#8221; custom_button=&#8221;on&#8221; button_text_size=&#8221;16px&#8221; button_text_color=&#8221;#FFFFFF&#8221; button_bg_color=&#8221;#C7BBAB&#8221; button_border_width=&#8221;0px&#8221; button_border_radius=&#8221;0px&#8221; button_letter_spacing=&#8221;1px&#8221; button_font=&#8221;|||on|||||&#8221;][\/et_pb_button][\/et_pb_column][\/et_pb_row][\/et_pb_section][et_pb_section fb_built=&#8221;1&#8243; _builder_version=&#8221;4.9.4&#8243; _module_preset=&#8221;default&#8221; background_color=&#8221;#F6F6F6&#8243;][et_pb_row _builder_version=&#8221;4.9.4&#8243; _module_preset=&#8221;default&#8221;][et_pb_column type=&#8221;4_4&#8243; _builder_version=&#8221;4.9.4&#8243; _module_preset=&#8221;default&#8221;][et_pb_social_media_follow _builder_version=&#8221;4.9.4&#8243; _module_preset=&#8221;default&#8221; text_orientation=&#8221;center&#8221;][et_pb_social_media_follow_network social_network=&#8221;instagram&#8221; url=&#8221;https:\/\/www.instagram.com\/mobarmx\/%20&#8243; use_icon_font_size=&#8221;on&#8221; icon_font_size=&#8221;32px&#8221; _builder_version=&#8221;4.9.4&#8243; _module_preset=&#8221;default&#8221; background_color=&#8221;#000000&#8243; background_enable_color=&#8221;on&#8221; custom_margin=&#8221;|8px||8px|false|true&#8221; border_radii=&#8221;on|32px|32px|32px|32px&#8221; follow_button=&#8221;off&#8221; url_new_window=&#8221;on&#8221;]instagram[\/et_pb_social_media_follow_network][et_pb_social_media_follow_network social_network=&#8221;youtube&#8221; url=&#8221;https:\/\/www.youtube.com\/channel\/UCR2fBN38jxSw_7LKTZdCgpA&#8221; use_icon_font_size=&#8221;on&#8221; icon_font_size=&#8221;32px&#8221; _builder_version=&#8221;4.9.4&#8243; _module_preset=&#8221;default&#8221; background_color=&#8221;#000000&#8243; background_enable_color=&#8221;on&#8221; custom_margin=&#8221;|8px||8px|false|true&#8221; border_radii=&#8221;on|32px|32px|32px|32px&#8221; follow_button=&#8221;off&#8221; url_new_window=&#8221;on&#8221;]youtube[\/et_pb_social_media_follow_network][et_pb_social_media_follow_network social_network=&#8221;google-plus&#8221; url=&#8221;https:\/\/www.tiktok.com\/@mobarmx?lang=es%20&#8243; icon_color=&#8221;RGBA(0,0,0,0)&#8221; use_icon_font_size=&#8221;on&#8221; icon_font_size=&#8221;32px&#8221; _builder_version=&#8221;4.9.4&#8243; _module_preset=&#8221;default&#8221; background_color=&#8221;#000000&#8243; background_enable_color=&#8221;on&#8221; background_image=&#8221;https:\/\/mobar.mx\/wp-content\/uploads\/2021\/05\/tiktok-icono.svg&#8221; background_enable_image=&#8221;on&#8221; custom_margin=&#8221;|8px||8px|false|true&#8221; border_radii=&#8221;on|32px|32px|32px|32px&#8221; follow_button=&#8221;off&#8221; url_new_window=&#8221;on&#8221;]google-plus[\/et_pb_social_media_follow_network][\/et_pb_social_media_follow][et_pb_text _builder_version=&#8221;4.9.4&#8243; _module_preset=&#8221;default&#8221; header_3_font=&#8221;|700|||||||&#8221; header_3_text_align=&#8221;center&#8221; header_4_font=&#8221;|700|||||||&#8221;]<\/p>\n<h3>S\u00edguenos y prepara tus propios c\u00f3cteles<\/h3>\n<p>[\/et_pb_text][\/et_pb_column][\/et_pb_row][\/et_pb_section][et_pb_section fb_built=&#8221;1&#8243; _builder_version=&#8221;4.9.4&#8243; _module_preset=&#8221;default&#8221;][et_pb_row _builder_version=&#8221;4.9.4&#8243; _module_preset=&#8221;default&#8221;][et_pb_column type=&#8221;4_4&#8243; _builder_version=&#8221;4.9.4&#8243; _module_preset=&#8221;default&#8221;][et_pb_cta title=&#8221;\u00bfTe interesa un curso de Mixolog\u00eda?&#8221; button_url=&#8221;https:\/\/mobarcocteleria.typeform.com\/to\/boK8AHaT&#8221; button_text=&#8221;Inscripci\u00f3n&#8221; _builder_version=&#8221;4.9.7&#8243; _module_preset=&#8221;default&#8221; header_font=&#8221;|700|||||||&#8221; header_text_align=&#8221;right&#8221; header_text_color=&#8221;#000000&#8243; background_enable_color=&#8221;off&#8221; use_background_color_gradient=&#8221;on&#8221; background_color_gradient_start=&#8221;rgba(0,0,0,0)&#8221; background_color_gradient_end=&#8221;#f6f6f6&#8243; background_color_gradient_direction=&#8221;90deg&#8221; background_color_gradient_end_position=&#8221;80%&#8221; background_color_gradient_overlays_image=&#8221;on&#8221; background_image=&#8221;https:\/\/mobar.mx\/wp-content\/uploads\/2021\/06\/te-interesa-un-curso-de-mixologia-mobar-2-copia.png&#8221; custom_button=&#8221;on&#8221; button_text_size=&#8221;16px&#8221; button_text_color=&#8221;#4D4D4D&#8221; button_bg_color=&#8221;#FFFFFF&#8221; button_border_width=&#8221;0px&#8221; button_border_radius=&#8221;0px&#8221; button_alignment=&#8221;right&#8221; background_layout=&#8221;light&#8221; box_shadow_style=&#8221;preset3&#8243; box_shadow_vertical=&#8221;6px&#8221; box_shadow_style_button=&#8221;preset3&#8243; box_shadow_color_button=&#8221;rgba(0,0,0,0.2)&#8221; locked=&#8221;off&#8221; global_colors_info=&#8221;{}&#8221;][\/et_pb_cta][\/et_pb_column][\/et_pb_row][\/et_pb_section]<\/p>\n","protected":false},"excerpt":{"rendered":"<p>Aprende con MOBARPrecios determinados por clase o curso completoElige el paquete que m\u00e1s te acomode. Ofrecemos paquetes por acceso a clase (no incluye insumos), paquetes individuales, y paquetes por pareja; ambas opciones con los insumos y su env\u00edo a domicilio incluido. Los temarios de cada clase est\u00e1n especialmente dise\u00f1ados para que aprendas sobre la teor\u00eda [&hellip;]<\/p>\n","protected":false},"author":1,"featured_media":0,"parent":0,"menu_order":1,"comment_status":"closed","ping_status":"closed","template":"","meta":{"_et_pb_use_builder":"on","_et_pb_old_content":"<!-- wp:divi\/placeholder \/-->","_et_gb_content_width":"","_monsterinsights_skip_tracking":false,"_monsterinsights_sitenote_active":false,"_monsterinsights_sitenote_note":"","_monsterinsights_sitenote_category":0,"footnotes":""},"dipi_cpt_category":[],"class_list":["post-98","page","type-page","status-publish","hentry"],"_links":{"self":[{"href":"https:\/\/mobar.mx\/en\/wp-json\/wp\/v2\/pages\/98","targetHints":{"allow":["GET"]}}],"collection":[{"href":"https:\/\/mobar.mx\/en\/wp-json\/wp\/v2\/pages"}],"about":[{"href":"https:\/\/mobar.mx\/en\/wp-json\/wp\/v2\/types\/page"}],"author":[{"embeddable":true,"href":"https:\/\/mobar.mx\/en\/wp-json\/wp\/v2\/users\/1"}],"replies":[{"embeddable":true,"href":"https:\/\/mobar.mx\/en\/wp-json\/wp\/v2\/comments?post=98"}],"version-history":[{"count":5,"href":"https:\/\/mobar.mx\/en\/wp-json\/wp\/v2\/pages\/98\/revisions"}],"predecessor-version":[{"id":1580,"href":"https:\/\/mobar.mx\/en\/wp-json\/wp\/v2\/pages\/98\/revisions\/1580"}],"wp:attachment":[{"href":"https:\/\/mobar.mx\/en\/wp-json\/wp\/v2\/media?parent=98"}],"wp:term":[{"taxonomy":"dipi_cpt_category","embeddable":true,"href":"https:\/\/mobar.mx\/en\/wp-json\/wp\/v2\/dipi_cpt_category?post=98"}],"curies":[{"name":"wp","href":"https:\/\/api.w.org\/{rel}","templated":true}]}}