{"id":785,"date":"2021-06-10T22:28:38","date_gmt":"2021-06-10T22:28:38","guid":{"rendered":"https:\/\/mary.pixel-bot.com\/?page_id=785"},"modified":"2021-07-20T03:27:57","modified_gmt":"2021-07-20T03:27:57","slug":"empresariales","status":"publish","type":"page","link":"https:\/\/mobar.mx\/en\/empresariales\/","title":{"rendered":"Empresariales"},"content":{"rendered":"<p>[et_pb_section fb_built=&#8221;1&#8243; _builder_version=&#8221;4.9.4&#8243; _module_preset=&#8221;default&#8221; custom_padding=&#8221;80px||80px||true|false&#8221; locked=&#8221;off&#8221;][et_pb_row column_structure=&#8221;1_2,1_2&#8243; _builder_version=&#8221;4.9.4&#8243; _module_preset=&#8221;default&#8221;][et_pb_column type=&#8221;1_2&#8243; _builder_version=&#8221;4.9.4&#8243; _module_preset=&#8221;default&#8221;][et_pb_text _builder_version=&#8221;4.9.9&#8243; _module_preset=&#8221;default&#8221; header_2_font=&#8221;|700|||||||&#8221; header_2_text_color=&#8221;#000000&#8243; header_2_font_size=&#8221;64px&#8221; width=&#8221;100%&#8221; max_width=&#8221;500px&#8221; custom_margin=&#8221;48px|||270px|false|false&#8221; custom_margin_tablet=&#8221;20px|||0px|false|false&#8221; custom_margin_phone=&#8221;&#8221; custom_margin_last_edited=&#8221;on|phone&#8221; hover_enabled=&#8221;0&#8243; header_2_font_size_tablet=&#8221;&#8221; header_2_font_size_phone=&#8221;48px&#8221; header_2_font_size_last_edited=&#8221;on|phone&#8221; sticky_enabled=&#8221;0&#8243;]<\/p>\n<h2>Actividades para empleados<\/h2>\n<p>[\/et_pb_text][et_pb_divider color=&#8221;#CCCCCC&#8221; divider_weight=&#8221;4px&#8221; _builder_version=&#8221;4.9.4&#8243; _module_preset=&#8221;default&#8221;][\/et_pb_divider][et_pb_text _builder_version=&#8221;4.9.7&#8243; _module_preset=&#8221;default&#8221; header_3_font=&#8221;|700|||||||&#8221; header_3_text_color=&#8221;#333333&#8243; custom_margin=&#8221;||12px|||&#8221;]<\/p>\n<h3><span style=\"white-space: pre-wrap;\">Donde los compa\u00f1eros del curso se podr\u00e1n unir de manera virtual o presencial.<\/span><\/h3>\n<p>[\/et_pb_text][et_pb_text _builder_version=&#8221;4.9.7&#8243; _module_preset=&#8221;default&#8221; text_text_color=&#8221;#4D4D4D&#8221; text_font_size=&#8221;16px&#8221; link_font=&#8221;||||on||||&#8221; link_text_color=&#8221;#4D4D4D&#8221;]<\/p>\n<p><span style=\"font-weight: 400;\">En el curso impartido por mix\u00f3logos de MOBAR, se tocar\u00e1n temas b\u00e1sicos de la mixolog\u00eda, as\u00ed como la historia de cada c\u00f3ctel creado.<\/span><\/p>\n<p><span style=\"font-weight: 400;\">Los alumnos podr\u00e1n aprovechar el curso para despejarse y conocer personalmente a sus colegas, con quienes compartir\u00e1n ideas y proyectos cada semana.<\/span><span style=\"font-weight: 400;\"><\/span><\/p>\n<p><span style=\"font-weight: 400;\">Las clases virtuales se imparten a trav\u00e9s de la plataforma Zoom, y tienen una duraci\u00f3n aproximada de hora y media a dos horas.<\/span><\/p>\n<p><span style=\"font-weight: 400;\">Para las clases presenciales, nos adaptamos a las necesidades de cada alumno. En esta modalidad, la empresa puede elegir entre crear un kit personalizado para su empresa o rentar el equipo para el d\u00eda del curso. De igual manera, se puede elegir el n\u00famero de c\u00f3cteles que desean aprender a preparar.<\/span><\/p>\n<p>[\/et_pb_text][et_pb_button button_url=&#8221;https:\/\/wa.link\/4dpdkt&#8221; button_text=&#8221;Cotizar ahora&#8221; _builder_version=&#8221;4.9.9&#8243; _module_preset=&#8221;default&#8221; custom_button=&#8221;on&#8221; button_text_size=&#8221;16px&#8221; button_text_color=&#8221;#FFFFFF&#8221; button_bg_color=&#8221;#C7BBAB&#8221; button_border_width=&#8221;0px&#8221; button_border_radius=&#8221;0px&#8221; button_letter_spacing=&#8221;1px&#8221; button_font=&#8221;|||on|||||&#8221; hover_enabled=&#8221;0&#8243; sticky_enabled=&#8221;0&#8243;][\/et_pb_button][\/et_pb_column][et_pb_column type=&#8221;1_2&#8243; _builder_version=&#8221;4.9.4&#8243; _module_preset=&#8221;default&#8221; z_index=&#8221;1&#8243;][et_pb_image src=&#8221;https:\/\/mobar.mx\/wp-content\/uploads\/2021\/07\/coctel-cursos-empresariales-mobar-queretaro.png&#8221; title_text=&#8221;coctel-cursos-empresariales-mobar-queretaro&#8221; align=&#8221;center&#8221; force_fullwidth=&#8221;on&#8221; _builder_version=&#8221;4.9.7&#8243; _module_preset=&#8221;default&#8221;][\/et_pb_image][\/et_pb_column][\/et_pb_row][\/et_pb_section][et_pb_section fb_built=&#8221;1&#8243; _builder_version=&#8221;4.9.4&#8243; _module_preset=&#8221;default&#8221; background_color=&#8221;#F6F6F6&#8243; locked=&#8221;off&#8221;][et_pb_row _builder_version=&#8221;4.9.4&#8243; _module_preset=&#8221;default&#8221;][et_pb_column type=&#8221;4_4&#8243; _builder_version=&#8221;4.9.4&#8243; _module_preset=&#8221;default&#8221;][et_pb_text _builder_version=&#8221;4.9.7&#8243; _module_preset=&#8221;default&#8221; header_3_font=&#8221;|700|||||||&#8221; header_3_text_align=&#8221;center&#8221; header_3_line_height=&#8221;1.1em&#8221; header_4_font=&#8221;|700|||||||&#8221; width=&#8221;80%&#8221; module_alignment=&#8221;center&#8221;]<\/p>\n<h3><strong>En cada curso, se proporcionar\u00e1 el mobiliario adecuado para que nuestros mix\u00f3logos puedan impartir las clases y que los alumnos sean part\u00edcipes de una experiencia inolvidable.<\/strong><\/h3>\n<p>[\/et_pb_text][\/et_pb_column][\/et_pb_row][\/et_pb_section][et_pb_section fb_built=&#8221;1&#8243; _builder_version=&#8221;4.9.4&#8243; _module_preset=&#8221;default&#8221; locked=&#8221;off&#8221;][et_pb_row _builder_version=&#8221;4.9.4&#8243; _module_preset=&#8221;default&#8221;][et_pb_column type=&#8221;4_4&#8243; _builder_version=&#8221;4.9.4&#8243; _module_preset=&#8221;default&#8221;][et_pb_cta title=&#8221;\u00bfTe interesa un curso Empresarial?&#8221; button_url=&#8221;https:\/\/wa.link\/4dpdkt&#8221; button_text=&#8221;Cotizar curso&#8221; _builder_version=&#8221;4.9.9&#8243; _module_preset=&#8221;default&#8221; header_font=&#8221;|700|||||||&#8221; header_text_align=&#8221;right&#8221; header_text_color=&#8221;#000000&#8243; background_enable_color=&#8221;off&#8221; use_background_color_gradient=&#8221;on&#8221; background_color_gradient_start=&#8221;rgba(0,0,0,0)&#8221; background_color_gradient_end=&#8221;#f6f6f6&#8243; background_color_gradient_direction=&#8221;90deg&#8221; background_color_gradient_end_position=&#8221;80%&#8221; background_color_gradient_overlays_image=&#8221;on&#8221; background_image=&#8221;https:\/\/mobar.mx\/wp-content\/uploads\/2021\/06\/bautizos-y-primera-comunion-27.png&#8221; custom_button=&#8221;on&#8221; button_text_size=&#8221;16px&#8221; button_text_color=&#8221;#4D4D4D&#8221; button_bg_color=&#8221;#FFFFFF&#8221; button_border_width=&#8221;0px&#8221; button_border_radius=&#8221;0px&#8221; button_alignment=&#8221;right&#8221; background_layout=&#8221;light&#8221; hover_enabled=&#8221;0&#8243; box_shadow_style=&#8221;preset3&#8243; box_shadow_vertical=&#8221;6px&#8221; box_shadow_style_button=&#8221;preset3&#8243; box_shadow_color_button=&#8221;rgba(0,0,0,0.2)&#8221; locked=&#8221;off&#8221; global_colors_info=&#8221;{}&#8221; sticky_enabled=&#8221;0&#8243; title_text=&#8221;bautizos-y-primera-comunion-27&#8243;][\/et_pb_cta][\/et_pb_column][\/et_pb_row][\/et_pb_section]<\/p>\n","protected":false},"excerpt":{"rendered":"<p>Actividades para empleadosDonde los compa\u00f1eros del curso se podr\u00e1n unir de manera virtual o presencial.En el curso impartido por mix\u00f3logos de MOBAR, se tocar\u00e1n temas b\u00e1sicos de la mixolog\u00eda, as\u00ed como la historia de cada c\u00f3ctel creado. Los alumnos podr\u00e1n aprovechar el curso para despejarse y conocer personalmente a sus colegas, con quienes compartir\u00e1n ideas [&hellip;]<\/p>\n","protected":false},"author":1,"featured_media":0,"parent":0,"menu_order":2,"comment_status":"closed","ping_status":"closed","template":"","meta":{"_et_pb_use_builder":"on","_et_pb_old_content":"<!-- wp:divi\/placeholder \/-->","_et_gb_content_width":"","_monsterinsights_skip_tracking":false,"_monsterinsights_sitenote_active":false,"_monsterinsights_sitenote_note":"","_monsterinsights_sitenote_category":0,"footnotes":""},"dipi_cpt_category":[],"class_list":["post-785","page","type-page","status-publish","hentry"],"_links":{"self":[{"href":"https:\/\/mobar.mx\/en\/wp-json\/wp\/v2\/pages\/785","targetHints":{"allow":["GET"]}}],"collection":[{"href":"https:\/\/mobar.mx\/en\/wp-json\/wp\/v2\/pages"}],"about":[{"href":"https:\/\/mobar.mx\/en\/wp-json\/wp\/v2\/types\/page"}],"author":[{"embeddable":true,"href":"https:\/\/mobar.mx\/en\/wp-json\/wp\/v2\/users\/1"}],"replies":[{"embeddable":true,"href":"https:\/\/mobar.mx\/en\/wp-json\/wp\/v2\/comments?post=785"}],"version-history":[{"count":5,"href":"https:\/\/mobar.mx\/en\/wp-json\/wp\/v2\/pages\/785\/revisions"}],"predecessor-version":[{"id":1584,"href":"https:\/\/mobar.mx\/en\/wp-json\/wp\/v2\/pages\/785\/revisions\/1584"}],"wp:attachment":[{"href":"https:\/\/mobar.mx\/en\/wp-json\/wp\/v2\/media?parent=785"}],"wp:term":[{"taxonomy":"dipi_cpt_category","embeddable":true,"href":"https:\/\/mobar.mx\/en\/wp-json\/wp\/v2\/dipi_cpt_category?post=785"}],"curies":[{"name":"wp","href":"https:\/\/api.w.org\/{rel}","templated":true}]}}