{"id":1655,"date":"2021-09-02T08:02:56","date_gmt":"2021-09-02T08:02:56","guid":{"rendered":"https:\/\/mary.pixel-bot.com\/?page_id=1655"},"modified":"2021-09-02T08:03:44","modified_gmt":"2021-09-02T08:03:44","slug":"aviso-de-privacidad","status":"publish","type":"page","link":"https:\/\/mobar.mx\/en\/aviso-de-privacidad\/","title":{"rendered":"Aviso de Privacidad"},"content":{"rendered":"\n[et_pb_section fb_built=&#8221;1&#8243; _builder_version=&#8221;4.10.5&#8243; _module_preset=&#8221;default&#8221;][et_pb_row _builder_version=&#8221;4.10.5&#8243; _module_preset=&#8221;default&#8221;][et_pb_column _builder_version=&#8221;4.10.5&#8243; _module_preset=&#8221;default&#8221; type=&#8221;4_4&#8243;][et_pb_text _builder_version=&#8221;4.10.5&#8243; _module_preset=&#8221;default&#8221; hover_enabled=&#8221;0&#8243; sticky_enabled=&#8221;0&#8243;]<h2>AVISO DE PRIVACIDAD<\/h2>\n<p>MOBAR, con domicilio en Laureles 301, Col. Jurica C.P. 76100, en la Ciudad de Quer\u00e9taro son los responsables del uso y protecci\u00f3n de sus datos personales, y al respecto le informamos lo siguiente:<\/p>\n<p>\u00bfPara qu\u00e9 fines utilizaremos sus Datos Personales?<br \/>Los datos personales que recabamos de usted, los utilizaremos para las siguientes finalidades que son necesarias para el servicio que solicita:<br \/>\u25cf Tener una base de datos segura y confiable de nuestros clientes, con la finalidad de optimizar los recursos, agilizar el control contable al momento de emitir una factura.<br \/>\u25cf Brindarle un mejor servicio.<br \/>\u25cf Poder mantener contacto permanente que nos permita informarle actualizaciones del servicio que haya contratado con nosotros.<br \/>De manera adicional, utilizaremos su informaci\u00f3n personal para las siguientes finalidades que no son necesarias para el servicio solicitado, pero que nos permiten y facilitan brindarle una mejor atenci\u00f3n:<br \/>\u25cf Para mantener contacto de forma permanente sobre las actualizaciones de nuestros servicios que tenga nuestra empresa, tales como cambios de forma de pago, alta o baja de cuentas bancarias, as\u00ed como cualquier otro tipo de situaci\u00f3n que pudiera surgir, derivado de nuestras relaciones comerciales.<br \/>En caso de que no desee que sus datos personales sean tratados para estos fines adicionales, desde este momento usted puede comunicarse con nosotros enviando un correo a hola@mobar.mx<\/p>\n<p>La negativa para el uso de sus datos personales para estas finalidades, no podr\u00e1 ser un motivo para que le neguemos los servicios y productos que solicita o contrata con nosotros.<\/p>\n<p>\u00bfQu\u00e9 Datos Personales utilizaremos para estos fines?<br \/>Para llevar a cabo las finalidades descritas en el presente aviso de privacidad, utilizaremos los siguientes datos personales:<br \/>\u25cf Datos de identificaci\u00f3n. Informaci\u00f3n correspondiente de su persona que permite identificarla en nuestra base de datos, tal como: nombre; estado civil; Registro Federal de Contribuyentes (RFC); lugar y fecha de nacimiento; nacionalidad; edad, entre otros.<br \/>\u25cf Datos de contacto. Informaci\u00f3n que permite mantener o entrar en contacto con usted, tal como: domicilio; correo electr\u00f3nico; tel\u00e9fono fijo; tel\u00e9fono celular, entre otras.<br \/>\u25cf Datos patrimoniales o financieros. Informaci\u00f3n correspondiente a sus bienes, cargas u obligaciones susceptibles de valoraci\u00f3n econ\u00f3mica, como pueden ser: bienes muebles e inmuebles; informaci\u00f3n fiscal; historial crediticio; ingresos y egresos; cuentas bancarias; seguros; afores; fianzas, n\u00famero de tarjeta de cr\u00e9dito, n\u00famero de seguridad, entre otros.<br \/>Transferencia<br \/>Para la prestaci\u00f3n de los servicios podemos transferir dentro y fuera del pa\u00eds, los datos personales en su posesi\u00f3n a terceros para los fines se\u00f1alados en este Aviso de Privacidad. Los terceros a los que se transferir\u00e1n dichos datos pueden ser: sociedades en las que se realicen inversiones, instituciones de cr\u00e9dito, o autoridades competentes.<br \/>No ser\u00e1 necesario el consentimiento de los titulares de datos cuando las transferencias se realicen a sociedades de prop\u00f3sito espec\u00edfico afiliadas a cualquiera de las personas mencionadas en este aviso de privacidad, cuando sean requeridas por la Ley o cuando dicha transferencia sea necesaria para prestarle un servicio o cumplir con obligaciones de car\u00e1cter fiscal.<br \/>En caso de que los titulares no deseen que transfiramos sus datos personales, tendr\u00e1n un plazo de 5 (cinco) d\u00edas para manifestar su negativa dirigiendo una comunicaci\u00f3n a nosotros a la siguiente direcci\u00f3n de correo electr\u00f3nico hola@mobar.mx<\/p>\n<p>\u00bfC\u00f3mo puede acceder, rectificar o cancelar sus Datos Personales, u oponerse a su uso?<br \/>Usted tiene derecho a conocer qu\u00e9 datos personales tenemos de usted, para qu\u00e9 los utilizamos y las condiciones del uso que les damos (Acceso). Asimismo, es su derecho solicitar la correcci\u00f3n de su informaci\u00f3n personal en caso de que est\u00e9 desactualizada, sea inexacta o incompleta (Rectificaci\u00f3n); que la eliminemos de nuestros registros o bases de datos cuando considere que la misma no est\u00e1 siendo utilizada conforme a los principios, deberes y obligaciones previstas en la normativa (Cancelaci\u00f3n); as\u00ed como oponerse al uso de sus datos personales para fines espec\u00edficos (Oposici\u00f3n). Estos derechos se conocen como derechos ARCO.<br \/>Para el ejercicio de cualquiera de los derechos ARCO, usted deber\u00e1 presentar la solicitud respectiva en los hola@mobar.mx<br \/>Para conocer el procedimiento y requisitos para el ejercicio de los derechos ARCO, usted podr\u00e1 ingresar al siguiente sitio de Internet www.mobar.mx, a la secci\u00f3n Aviso de Privacidad, o bien ponerse en contacto con nosotros a los correos se\u00f1alados anteriormente.<\/p>\n<p>\u00bfC\u00f3mo puede revocar su consentimiento para el uso de sus Datos Personales?<br \/>Usted puede revocar el consentimiento que, en su caso, nos haya otorgado para el tratamiento de sus datos personales. Sin embargo, es importante que tenga en cuenta que no en todos los casos podremos atender su solicitud o concluir el uso de forma inmediata, ya que es posible que por alguna obligaci\u00f3n legal requiramos seguir tratando sus Datos Personales. Asimismo, usted deber\u00e1 considerar que, para ciertos fines, la revocaci\u00f3n de su consentimiento implicar\u00e1 que no le podamos seguir prestando el servicio que nos solicit\u00f3, o la conclusi\u00f3n de su relaci\u00f3n con nosotros.<br \/>Para revocar su consentimiento deber\u00e1 presentar su solicitud en los correos: hola@mobar.mx<br \/>Para conocer el procedimiento y requisitos para la revocaci\u00f3n del consentimiento, usted podr\u00e1 ingresar a nuestro sitio de Internet www.blackburnmx.com, a la secci\u00f3n aviso de privacidad, o bien ponerse en contacto con nosotros a trav\u00e9s de los correos: hola@mobar.mx<\/p>\n<p>El uso de tecnolog\u00edas de rastreo en nuestro portal de Internet.<br \/>Le informamos que en nuestra p\u00e1gina de Internet utilizamos cookies, web beacons y otras tecnolog\u00edas a trav\u00e9s de las cuales es posible monitorear su comportamiento como usuario de Internet, as\u00ed como brindarle un mejor servicio y experiencia de usuario al navegar en nuestra p\u00e1gina.<br \/>Los datos personales que obtenemos de estas tecnolog\u00edas de rastreo son los siguientes:<br \/>\u25cf Datos de contacto. Informaci\u00f3n que permite mantener o entrar en contacto con usted, tal como: domicilio; correo electr\u00f3nico; tel\u00e9fono fijo; tel\u00e9fono celular, entre otros.<br \/>Estas tecnolog\u00edas podr\u00e1n deshabilitarse si usted as\u00ed lo solicita enviando un mensaje a los correos electr\u00f3nicos: hola@mobar.mx<br \/>\u00bfC\u00f3mo puede conocer los cambios a este Aviso de Privacidad?<br \/>El presente aviso de privacidad puede sufrir modificaciones, cambios o actualizaciones derivadas de nuevos requerimientos legales; de nuestras propias necesidades por los productos o servicios que ofrecemos; de nuestras pr\u00e1cticas de privacidad; de cambios en nuestro modelo de negocio, o por otras causas.<br \/>Nos comprometemos a mantenerlo informado sobre los cambios que pueda sufrir el presente aviso de privacidad, a trav\u00e9s del apartado aviso de privacidad en nuestro sitio web: www.mobar.mx<\/p>[\/et_pb_text][\/et_pb_column][\/et_pb_row][\/et_pb_section]\n","protected":false},"excerpt":{"rendered":"<p>AVISO DE PRIVACIDAD MOBAR, con domicilio en Laureles 301, Col. Jurica C.P. 76100, en la Ciudad de Quer\u00e9taro son los responsables del uso y protecci\u00f3n de sus datos personales, y al respecto le informamos lo siguiente: \u00bfPara qu\u00e9 fines utilizaremos sus Datos Personales?Los datos personales que recabamos de usted, los utilizaremos para las siguientes finalidades [&hellip;]<\/p>\n","protected":false},"author":1,"featured_media":0,"parent":0,"menu_order":0,"comment_status":"closed","ping_status":"closed","template":"","meta":{"_et_pb_use_builder":"on","_et_pb_old_content":"","_et_gb_content_width":"","_monsterinsights_skip_tracking":false,"_monsterinsights_sitenote_active":false,"_monsterinsights_sitenote_note":"","_monsterinsights_sitenote_category":0,"footnotes":""},"dipi_cpt_category":[],"class_list":["post-1655","page","type-page","status-publish","hentry"],"_links":{"self":[{"href":"https:\/\/mobar.mx\/en\/wp-json\/wp\/v2\/pages\/1655","targetHints":{"allow":["GET"]}}],"collection":[{"href":"https:\/\/mobar.mx\/en\/wp-json\/wp\/v2\/pages"}],"about":[{"href":"https:\/\/mobar.mx\/en\/wp-json\/wp\/v2\/types\/page"}],"author":[{"embeddable":true,"href":"https:\/\/mobar.mx\/en\/wp-json\/wp\/v2\/users\/1"}],"replies":[{"embeddable":true,"href":"https:\/\/mobar.mx\/en\/wp-json\/wp\/v2\/comments?post=1655"}],"version-history":[{"count":5,"href":"https:\/\/mobar.mx\/en\/wp-json\/wp\/v2\/pages\/1655\/revisions"}],"predecessor-version":[{"id":1661,"href":"https:\/\/mobar.mx\/en\/wp-json\/wp\/v2\/pages\/1655\/revisions\/1661"}],"wp:attachment":[{"href":"https:\/\/mobar.mx\/en\/wp-json\/wp\/v2\/media?parent=1655"}],"wp:term":[{"taxonomy":"dipi_cpt_category","embeddable":true,"href":"https:\/\/mobar.mx\/en\/wp-json\/wp\/v2\/dipi_cpt_category?post=1655"}],"curies":[{"name":"wp","href":"https:\/\/api.w.org\/{rel}","templated":true}]}}