{"id":104,"date":"2021-05-20T21:40:20","date_gmt":"2021-05-20T21:40:20","guid":{"rendered":"https:\/\/mary.pixel-bot.com\/?page_id=104"},"modified":"2021-07-20T03:33:07","modified_gmt":"2021-07-20T03:33:07","slug":"contacto","status":"publish","type":"page","link":"https:\/\/mobar.mx\/en\/contacto\/","title":{"rendered":"Contacto"},"content":{"rendered":"<p>[et_pb_section fb_built=&#8221;1&#8243; _builder_version=&#8221;4.9.0&#8243; _module_preset=&#8221;default&#8221; locked=&#8221;off&#8221;][et_pb_row column_structure=&#8221;1_2,1_2&#8243; _builder_version=&#8221;4.9.4&#8243; _module_preset=&#8221;default&#8221; module_alignment=&#8221;center&#8221; custom_margin=&#8221;||||false|false&#8221; custom_margin_tablet=&#8221;&#8221; custom_margin_phone=&#8221;&#8221; custom_margin_last_edited=&#8221;on|phone&#8221;][et_pb_column type=&#8221;1_2&#8243; _builder_version=&#8221;4.9.4&#8243; _module_preset=&#8221;default&#8221;][et_pb_blurb title=&#8221;Quer\u00e9taro&#8221; image=&#8221;https:\/\/mobar.mx\/wp-content\/uploads\/2021\/06\/coctel-limon-600px.png&#8221; icon_placement=&#8221;left&#8221; image_max_width=&#8221;120px&#8221; image_max_width_tablet=&#8221;&#8221; image_max_width_phone=&#8221;80px&#8221; image_max_width_last_edited=&#8221;on|phone&#8221; _builder_version=&#8221;4.9.7&#8243; _module_preset=&#8221;default&#8221; header_font=&#8221;|700|||||||&#8221; header_text_color=&#8221;#000000&#8243; header_font_size=&#8221;26px&#8221; body_text_color=&#8221;#4D4D4D&#8221; body_line_height=&#8221;1.6em&#8221; body_link_text_color=&#8221;#4D4D4D&#8221; module_alignment=&#8221;center&#8221; custom_margin=&#8221;||20px||false|false&#8221; animation_direction=&#8221;top&#8221; animation=&#8221;off&#8221; hover_enabled=&#8221;0&#8243; custom_css_blurb_image=&#8221;||&#8221; sticky_enabled=&#8221;0&#8243;]<\/p>\n<p><span style=\"white-space: pre-wrap;\">Jurica, Santiago de Quer\u00e9taro<br \/><\/span><span style=\"white-space: pre-wrap;\"><a href=\"mailto:hola@mobar.mx\">hola@mobar.mx<\/a><br \/><\/span><span style=\"white-space: pre-wrap;\">(442) 424 3904<br \/><\/span><span style=\"white-space: pre-wrap;\">Horario de lunes a viernes de 9:30am &#8211; 6:00pm<\/span><\/p>\n<p>[\/et_pb_blurb][\/et_pb_column][et_pb_column type=&#8221;1_2&#8243; _builder_version=&#8221;4.9.4&#8243; _module_preset=&#8221;default&#8221;][et_pb_blurb title=&#8221;San Miguel de Allende&#8221; image=&#8221;https:\/\/mobar.mx\/wp-content\/uploads\/2021\/06\/coctel-naranja-decoracion-600px.png&#8221; icon_placement=&#8221;left&#8221; image_max_width=&#8221;120px&#8221; image_max_width_tablet=&#8221;&#8221; image_max_width_phone=&#8221;80px&#8221; image_max_width_last_edited=&#8221;on|phone&#8221; _builder_version=&#8221;4.9.7&#8243; _module_preset=&#8221;default&#8221; header_font=&#8221;|700|||||||&#8221; header_text_color=&#8221;#000000&#8243; header_font_size=&#8221;26px&#8221; body_text_color=&#8221;#4D4D4D&#8221; body_line_height=&#8221;1.6em&#8221; body_link_text_color=&#8221;#4D4D4D&#8221; module_alignment=&#8221;center&#8221; custom_margin=&#8221;||20px||false|false&#8221; animation=&#8221;off&#8221; custom_css_blurb_image=&#8221;||&#8221;]<\/p>\n<p><span style=\"white-space: pre-wrap;\"><\/span><span style=\"white-space: pre-wrap;\">Plaza Primavera, San Miguel de Allende<br \/><a href=\"mailto:hola@mobar.mx\">hola@mobar.mx<\/a><br \/>(442) 424 3904<br \/>Horario de lunes a viernes de 9:30am &#8211; 6:00pm<\/span><\/p>\n<p>[\/et_pb_blurb][\/et_pb_column][\/et_pb_row][\/et_pb_section][et_pb_section fb_built=&#8221;1&#8243; _builder_version=&#8221;4.9.4&#8243; _module_preset=&#8221;default&#8221; background_color=&#8221;#F6F6F6&#8243;][et_pb_row _builder_version=&#8221;4.9.4&#8243; _module_preset=&#8221;default&#8221;][et_pb_column type=&#8221;4_4&#8243; _builder_version=&#8221;4.9.4&#8243; _module_preset=&#8221;default&#8221;][et_pb_text _builder_version=&#8221;4.9.9&#8243; _module_preset=&#8221;default&#8221; header_3_font=&#8221;||||||||&#8221; header_3_text_align=&#8221;center&#8221; header_3_text_color=&#8221;#000000&#8243; header_3_line_height=&#8221;1.4em&#8221; header_4_font=&#8221;||||||||&#8221; header_4_text_align=&#8221;center&#8221; width=&#8221;80%&#8221; module_alignment=&#8221;center&#8221; hover_enabled=&#8221;0&#8243; sticky_enabled=&#8221;0&#8243; header_3_font_size_last_edited=&#8221;on|phone&#8221; header_3_font_size_phone=&#8221;18px&#8221; header_3_line_height_last_edited=&#8221;on|phone&#8221; header_3_line_height_phone=&#8221;1.8em&#8221;]<\/p>\n<h3><span style=\"white-space: pre-wrap;\">Pasa una tarde <strong>con nosotros<\/strong> y conoce nuestro men\u00fa de <strong>c\u00f3cteles<\/strong>, mobiliario y equipo de trabajo. Podr\u00e1n asistir m\u00e1ximo cuatro personas y elegir entre ocho c\u00f3cteles para <strong>degustar<\/strong>, sin costo alguno.<br \/><\/span><\/h3>\n<p><span style=\"white-space: pre-wrap;\"><\/span><\/p>\n<p>[\/et_pb_text][\/et_pb_column][\/et_pb_row][\/et_pb_section][et_pb_section fb_built=&#8221;1&#8243; _builder_version=&#8221;4.9.4&#8243; _module_preset=&#8221;default&#8221;][et_pb_row _builder_version=&#8221;4.9.0&#8243; _module_preset=&#8221;default&#8221; locked=&#8221;off&#8221;][et_pb_column type=&#8221;4_4&#8243; _builder_version=&#8221;4.9.0&#8243; _module_preset=&#8221;default&#8221;][et_pb_cta title=&#8221;\u00bfEl evento es una boda?&#8221; button_url=&#8221;https:\/\/mobarcocteleria.typeform.com\/to\/rGoqoZc7&#8243; url_new_window=&#8221;on&#8221; button_text=&#8221;Cotizar evento&#8221; _builder_version=&#8221;4.9.7&#8243; _module_preset=&#8221;default&#8221; header_font=&#8221;|700|||||||&#8221; header_text_align=&#8221;right&#8221; header_text_color=&#8221;#000000&#8243; background_enable_color=&#8221;off&#8221; use_background_color_gradient=&#8221;on&#8221; background_color_gradient_start=&#8221;rgba(0,0,0,0)&#8221; background_color_gradient_end=&#8221;#f6f6f6&#8243; background_color_gradient_direction=&#8221;90deg&#8221; background_color_gradient_end_position=&#8221;80%&#8221; background_color_gradient_overlays_image=&#8221;on&#8221; background_image=&#8221;https:\/\/mobar.mx\/wp-content\/uploads\/2021\/06\/el-evento-es-una-boda-mobar.png&#8221; custom_button=&#8221;on&#8221; button_text_size=&#8221;16px&#8221; button_text_color=&#8221;#4D4D4D&#8221; button_bg_color=&#8221;#FFFFFF&#8221; button_border_width=&#8221;0px&#8221; button_border_radius=&#8221;0px&#8221; button_alignment=&#8221;right&#8221; background_layout=&#8221;light&#8221; background_last_edited=&#8221;off|desktop&#8221; box_shadow_style=&#8221;preset3&#8243; box_shadow_vertical=&#8221;6px&#8221; box_shadow_style_button=&#8221;preset3&#8243; box_shadow_color_button=&#8221;rgba(0,0,0,0.2)&#8221;][\/et_pb_cta][et_pb_cta title=&#8221;\u00bfEl evento es una fiesta peque\u00f1a?&#8221; button_url=&#8221;https:\/\/api.whatsapp.com\/send?phone=4424243904&#038;text=Hola!%20Voy%20a%20tener%20un%20evento%20peque%C3%B1o%20y%20me%20gustar%C3%ADa%20una%20cotizaci%C3%B3n%20:&#8221; button_text=&#8221;Cotizar evento&#8221; _builder_version=&#8221;4.9.7&#8243; _module_preset=&#8221;default&#8221; header_font=&#8221;|700|||||||&#8221; header_text_align=&#8221;right&#8221; header_text_color=&#8221;#000000&#8243; background_enable_color=&#8221;off&#8221; use_background_color_gradient=&#8221;on&#8221; background_color_gradient_start=&#8221;rgba(0,0,0,0)&#8221; background_color_gradient_end=&#8221;#f6f6f6&#8243; background_color_gradient_direction=&#8221;90deg&#8221; background_color_gradient_end_position=&#8221;80%&#8221; background_color_gradient_overlays_image=&#8221;on&#8221; background_image=&#8221;https:\/\/mobar.mx\/wp-content\/uploads\/2021\/06\/el-evento-es-una-fiesta-pequena-mobar.png&#8221; custom_button=&#8221;on&#8221; button_text_size=&#8221;16px&#8221; button_text_color=&#8221;#4D4D4D&#8221; button_bg_color=&#8221;#FFFFFF&#8221; button_border_width=&#8221;0px&#8221; button_border_radius=&#8221;0px&#8221; button_alignment=&#8221;right&#8221; background_layout=&#8221;light&#8221; box_shadow_style=&#8221;preset3&#8243; box_shadow_vertical=&#8221;6px&#8221; box_shadow_style_button=&#8221;preset3&#8243; box_shadow_color_button=&#8221;rgba(0,0,0,0.2)&#8221; global_colors_info=&#8221;{}&#8221;][\/et_pb_cta][et_pb_cta title=&#8221;Cotiza cualquier evento por WhatsApp&#8221; button_url=&#8221;https:\/\/api.whatsapp.com\/send?phone=4424243904&#038;text=Hola!%20Estoy%20interesad@%20en%20una%20cotizaci%C3%B3n%20para%20mi%20evento%20:&#8221; button_text=&#8221;Cotizar evento&#8221; _builder_version=&#8221;4.9.7&#8243; _module_preset=&#8221;default&#8221; header_font=&#8221;|700|||||||&#8221; header_text_align=&#8221;right&#8221; header_text_color=&#8221;#000000&#8243; background_enable_color=&#8221;off&#8221; use_background_color_gradient=&#8221;on&#8221; background_color_gradient_start=&#8221;rgba(0,0,0,0)&#8221; background_color_gradient_end=&#8221;#f6f6f6&#8243; background_color_gradient_direction=&#8221;90deg&#8221; background_color_gradient_end_position=&#8221;80%&#8221; background_color_gradient_overlays_image=&#8221;on&#8221; background_image=&#8221;https:\/\/mobar.mx\/wp-content\/uploads\/2021\/06\/te-interesa-un-curso-de-mixologia-mobar.png&#8221; custom_button=&#8221;on&#8221; button_text_size=&#8221;16px&#8221; button_text_color=&#8221;#4D4D4D&#8221; button_bg_color=&#8221;#FFFFFF&#8221; button_border_width=&#8221;0px&#8221; button_border_radius=&#8221;0px&#8221; button_alignment=&#8221;right&#8221; background_layout=&#8221;light&#8221; box_shadow_style=&#8221;preset3&#8243; box_shadow_vertical=&#8221;6px&#8221; box_shadow_style_button=&#8221;preset3&#8243; box_shadow_color_button=&#8221;rgba(0,0,0,0.2)&#8221; global_colors_info=&#8221;{}&#8221;][\/et_pb_cta][et_pb_cta title=&#8221;\u00bfTe interesa un curso de Mixolog\u00eda?&#8221; button_url=&#8221;https:\/\/mobarcocteleria.typeform.com\/to\/boK8AHaT&#8221; button_text=&#8221;Inscripci\u00f3n&#8221; _builder_version=&#8221;4.9.7&#8243; _module_preset=&#8221;default&#8221; header_font=&#8221;|700|||||||&#8221; header_text_align=&#8221;right&#8221; header_text_color=&#8221;#000000&#8243; background_enable_color=&#8221;off&#8221; use_background_color_gradient=&#8221;on&#8221; background_color_gradient_start=&#8221;rgba(0,0,0,0)&#8221; background_color_gradient_end=&#8221;#f6f6f6&#8243; background_color_gradient_direction=&#8221;90deg&#8221; background_color_gradient_end_position=&#8221;80%&#8221; background_color_gradient_overlays_image=&#8221;on&#8221; background_image=&#8221;https:\/\/mobar.mx\/wp-content\/uploads\/2021\/06\/te-interesa-un-curso-de-mixologia-mobar-2-copia.png&#8221; custom_button=&#8221;on&#8221; button_text_size=&#8221;16px&#8221; button_text_color=&#8221;#4D4D4D&#8221; button_bg_color=&#8221;#FFFFFF&#8221; button_border_width=&#8221;0px&#8221; button_border_radius=&#8221;0px&#8221; button_alignment=&#8221;right&#8221; background_layout=&#8221;light&#8221; box_shadow_style=&#8221;preset3&#8243; box_shadow_vertical=&#8221;6px&#8221; box_shadow_style_button=&#8221;preset3&#8243; box_shadow_color_button=&#8221;rgba(0,0,0,0.2)&#8221; locked=&#8221;off&#8221; global_colors_info=&#8221;{}&#8221;][\/et_pb_cta][\/et_pb_column][\/et_pb_row][\/et_pb_section]<\/p>\n","protected":false},"excerpt":{"rendered":"<p>Jurica, Santiago de Quer\u00e9tarohola@mobar.mx(442) 424 3904Horario de lunes a viernes de 9:30am &#8211; 6:00pmPlaza Primavera, San Miguel de Allendehola@mobar.mx(442) 424 3904Horario de lunes a viernes de 9:30am &#8211; 6:00pmPasa una tarde con nosotros y conoce nuestro men\u00fa de c\u00f3cteles, mobiliario y equipo de trabajo. Podr\u00e1n asistir m\u00e1ximo cuatro personas y elegir entre ocho c\u00f3cteles para [&hellip;]<\/p>\n","protected":false},"author":1,"featured_media":0,"parent":0,"menu_order":0,"comment_status":"closed","ping_status":"closed","template":"","meta":{"_et_pb_use_builder":"on","_et_pb_old_content":"<!-- wp:divi\/placeholder \/-->","_et_gb_content_width":"","_monsterinsights_skip_tracking":false,"_monsterinsights_sitenote_active":false,"_monsterinsights_sitenote_note":"","_monsterinsights_sitenote_category":0,"footnotes":""},"dipi_cpt_category":[],"class_list":["post-104","page","type-page","status-publish","hentry"],"_links":{"self":[{"href":"https:\/\/mobar.mx\/en\/wp-json\/wp\/v2\/pages\/104","targetHints":{"allow":["GET"]}}],"collection":[{"href":"https:\/\/mobar.mx\/en\/wp-json\/wp\/v2\/pages"}],"about":[{"href":"https:\/\/mobar.mx\/en\/wp-json\/wp\/v2\/types\/page"}],"author":[{"embeddable":true,"href":"https:\/\/mobar.mx\/en\/wp-json\/wp\/v2\/users\/1"}],"replies":[{"embeddable":true,"href":"https:\/\/mobar.mx\/en\/wp-json\/wp\/v2\/comments?post=104"}],"version-history":[{"count":4,"href":"https:\/\/mobar.mx\/en\/wp-json\/wp\/v2\/pages\/104\/revisions"}],"predecessor-version":[{"id":1586,"href":"https:\/\/mobar.mx\/en\/wp-json\/wp\/v2\/pages\/104\/revisions\/1586"}],"wp:attachment":[{"href":"https:\/\/mobar.mx\/en\/wp-json\/wp\/v2\/media?parent=104"}],"wp:term":[{"taxonomy":"dipi_cpt_category","embeddable":true,"href":"https:\/\/mobar.mx\/en\/wp-json\/wp\/v2\/dipi_cpt_category?post=104"}],"curies":[{"name":"wp","href":"https:\/\/api.w.org\/{rel}","templated":true}]}}